{"id":24,"date":"2023-05-11T20:43:13","date_gmt":"2023-05-11T20:43:13","guid":{"rendered":"https:\/\/joyeriasmarvel.es\/?page_id=24"},"modified":"2023-05-15T12:36:46","modified_gmt":"2023-05-15T12:36:46","slug":"productos","status":"publish","type":"page","link":"https:\/\/joyeriasmarvel.es\/index.php\/productos\/","title":{"rendered":"Productos"},"content":{"rendered":"<div class=\"section-wrapper\" data-id=\"xAykyT\"><section class=\"wp-block-gutenverse-section guten-element guten-section guten-xAykyT layout-boxed align-stretch\"><div class=\"guten-background-overlay\"><\/div><div class=\"guten-shape-divider guten-shape-divider-top\"><\/div><div class=\"guten-shape-divider guten-shape-divider-bottom\"><\/div><div class=\"guten-container guten-column-gap-no\"><div class=\"wp-block-gutenverse-column guten-element guten-column guten-7rIajR\"><div class=\"guten-background-overlay\"><\/div><div class=\"sticky-wrapper\" data-id=\"7rIajR\"><div class=\"guten-column-wrapper\"><div class=\"section-wrapper\" data-id=\"ohZH2L\"><section class=\"wp-block-gutenverse-section guten-element guten-section guten-ohZH2L layout-boxed align-stretch\"><div class=\"guten-background-overlay\"><\/div><div class=\"guten-shape-divider guten-shape-divider-top\"><\/div><div class=\"guten-shape-divider guten-shape-divider-bottom\"><\/div><div class=\"guten-container guten-column-gap-no\"><div class=\"wp-block-gutenverse-column guten-element guten-column guten-zaWrzH\"><div class=\"guten-background-overlay\"><\/div><div class=\"sticky-wrapper\" data-id=\"zaWrzH\"><div class=\"guten-column-wrapper\"><h5 class=\"wp-block-gutenverse-heading guten-element guten-SjQqTZ animated guten-element-hide desktop-fadeInLeft\">tenemos lo que necesitas<\/h5>\n\n<h2 class=\"wp-block-gutenverse-heading guten-element guten-b5qzob animated guten-element-hide desktop-fadeInLeft\">Joyer\u00eda<\/h2><\/div><\/div><\/div><\/div><\/section><\/div>\n\n<div class=\"section-wrapper\" data-id=\"C7khXY\"><section class=\"wp-block-gutenverse-section guten-element guten-section guten-C7khXY layout-boxed align-stretch\"><div class=\"guten-background-overlay\"><\/div><div class=\"guten-shape-divider guten-shape-divider-top\"><\/div><div class=\"guten-shape-divider guten-shape-divider-bottom\"><\/div><div class=\"guten-container guten-column-gap-no\"><div class=\"wp-block-gutenverse-column guten-element guten-column guten-xqCymp animated guten-element-hide desktop-fadeInUp\"><div class=\"guten-background-overlay\"><\/div><div class=\"sticky-wrapper\" data-id=\"xqCymp\"><div class=\"guten-column-wrapper\"><div class=\"wp-block-gutenverse-image guten-element guten-image guten-R0Crkx\"><a class=\"guten-image-wrapper\"><img loading=\"lazy\" decoding=\"async\" class=\"gutenverse-image-box-filled\" src=\"https:\/\/joyeriasmarvel.es\/wp-content\/uploads\/2023\/05\/kateryna-hliznitsova-3zF00hHQb3I-unsplash-scaled.jpg\" height=\"2560\" width=\"1709\"\/><\/a><\/div>\n\n<h3 class=\"wp-block-gutenverse-heading guten-element guten-2XcCLh\">Pendientes<\/h3>\n\n<div class=\"wp-block-gutenverse-divider guten-element guten-divider guten-68Efn1\"><div class=\"guten-divider-wrapper\"><div class=\"guten-divider-default guten-divider-line guten-divider-regular\"><\/div><\/div><\/div>\n\n<div class=\"guten-element gutenverse-text-editor guten-GvBrCU\"><div class=\"text-content-inner\"><p>Nuestros<strong> pendientes<\/strong> est\u00e1n hechos con materiales de la m\u00e1s alta calidad, como oro, plata y platino, y decorados con diamantes, perlas y otras piedras preciosas. Cada pieza es \u00fanica y se ha dise\u00f1ado pensando en las mujeres que quieren destacar con <strong>elegancia en cualquier ocasi\u00f3n.<\/strong><\/p><\/div><\/div><\/div><\/div><\/div>\n\n<div class=\"wp-block-gutenverse-column guten-element guten-column guten-JPLKEm animated guten-element-hide desktop-fadeInUp\"><div class=\"guten-background-overlay\"><\/div><div class=\"sticky-wrapper\" data-id=\"JPLKEm\"><div class=\"guten-column-wrapper\"><div class=\"wp-block-gutenverse-image guten-element guten-image guten-rsO5uh\"><a class=\"guten-image-wrapper\"><img loading=\"lazy\" decoding=\"async\" class=\"gutenverse-image-box-filled\" src=\"https:\/\/joyeriasmarvel.es\/wp-content\/uploads\/2023\/05\/luisana-galicia-rGz2Z6tVaeg-unsplash-scaled.jpg\" height=\"2560\" width=\"2251\"\/><\/a><\/div>\n\n<h3 class=\"wp-block-gutenverse-heading guten-element guten-GnoOTw\">Anillos<\/h3>\n\n<div class=\"wp-block-gutenverse-divider guten-element guten-divider guten-pwb9HF\"><div class=\"guten-divider-wrapper\"><div class=\"guten-divider-default guten-divider-line guten-divider-regular\"><\/div><\/div><\/div>\n\n<div class=\"guten-element gutenverse-text-editor guten-3d3Bme\"><div class=\"text-content-inner\"><p>Nuestro equipo de expertos en joyer\u00eda ha seleccionado cuidadosamente cada <strong>anillo<\/strong> para garantizar que se adapte a la calidad y estilo que esperan nuestros clientes. Adem\u00e1s, ofrecemos una amplia variedad de tama\u00f1os, formas y estilos para que cada persona pueda encontrar el <strong>anillo perfecto para su estilo personal.<\/strong><\/p><\/div><\/div><\/div><\/div><\/div>\n\n<div class=\"wp-block-gutenverse-column guten-element guten-column guten-qnEeZN animated guten-element-hide desktop-fadeInUp\"><div class=\"guten-background-overlay\"><\/div><div class=\"sticky-wrapper\" data-id=\"qnEeZN\"><div class=\"guten-column-wrapper\"><div class=\"wp-block-gutenverse-image guten-element guten-image guten-y7GE9o\"><a class=\"guten-image-wrapper\"><img loading=\"lazy\" decoding=\"async\" class=\"gutenverse-image-box-filled\" src=\"https:\/\/joyeriasmarvel.es\/wp-content\/uploads\/2023\/05\/collar-joya-joyeria-e1683902859737.png\" height=\"645\" width=\"708\"\/><\/a><\/div>\n\n<h3 class=\"wp-block-gutenverse-heading guten-element guten-C7luXe\">Cadenas<\/h3>\n\n<div class=\"wp-block-gutenverse-divider guten-element guten-divider guten-BfJtPc\"><div class=\"guten-divider-wrapper\"><div class=\"guten-divider-default guten-divider-line guten-divider-regular\"><\/div><\/div><\/div>\n\n<div class=\"guten-element gutenverse-text-editor guten-JNb7Mm\"><div class=\"text-content-inner\"><p>Desde dise\u00f1os cl\u00e1sicos hasta piezas modernas y vanguardistas, nuestra <strong>colecci\u00f3n de cadena<\/strong>s te ofrece la posibilidad de lucir elegante y sofisticado en cualquier ocasi\u00f3n. Adem\u00e1s, gracias a la variedad de tama\u00f1os, formas y estilos que ofrecemos, encontrar\u00e1s la cadena perfecta para complementar cualquier look.<\/p><\/div><\/div><\/div><\/div><\/div><\/div><\/section><\/div>\n\n<div class=\"section-wrapper\" data-id=\"pc7z7z\"><section class=\"wp-block-gutenverse-section guten-element guten-section guten-pc7z7z layout-boxed align-stretch\"><div class=\"guten-background-overlay\"><\/div><div class=\"guten-shape-divider guten-shape-divider-top\"><\/div><div class=\"guten-shape-divider guten-shape-divider-bottom\"><\/div><div class=\"guten-container guten-column-gap-no\"><div class=\"wp-block-gutenverse-column guten-element guten-column guten-0fsZ8F animated guten-element-hide desktop-fadeInUp\"><div class=\"guten-background-overlay\"><\/div><div class=\"sticky-wrapper\" data-id=\"0fsZ8F\"><div class=\"guten-column-wrapper\"><div class=\"wp-block-gutenverse-image guten-element guten-image guten-jy8eAb\"><a class=\"guten-image-wrapper\"><img loading=\"lazy\" decoding=\"async\" class=\"gutenverse-image-box-filled\" src=\"https:\/\/joyeriasmarvel.es\/wp-content\/uploads\/2023\/05\/harper-sunday-bLkj9eNhW90-unsplash-scaled.jpg\" height=\"1707\" width=\"2560\"\/><\/a><\/div>\n\n<h3 class=\"wp-block-gutenverse-heading guten-element guten-D7bSa6\">Alianzas<\/h3>\n\n<div class=\"wp-block-gutenverse-divider guten-element guten-divider guten-vhL4CZ\"><div class=\"guten-divider-wrapper\"><div class=\"guten-divider-default guten-divider-line guten-divider-regular\"><\/div><\/div><\/div>\n\n<div class=\"guten-element gutenverse-text-editor guten-FzJoJ5\"><div class=\"text-content-inner\"><p>Nuestras <strong>alianzas de boda<\/strong> son s\u00edmbolo de amor y compromiso. Elige entre nuestra amplia selecci\u00f3n de dise\u00f1os, materiales y piedras preciosas. \u00a1Encuentra la tuya!.<\/p><\/div><\/div><\/div><\/div><\/div>\n\n<div class=\"wp-block-gutenverse-column guten-element guten-column guten-Rch9MQ animated guten-element-hide desktop-fadeInUp\"><div class=\"guten-background-overlay\"><\/div><div class=\"sticky-wrapper\" data-id=\"Rch9MQ\"><div class=\"guten-column-wrapper\"><div class=\"wp-block-gutenverse-image guten-element guten-image guten-rHgAL7\"><a class=\"guten-image-wrapper\"><img loading=\"lazy\" decoding=\"async\" class=\"gutenverse-image-box-filled\" src=\"https:\/\/joyeriasmarvel.es\/wp-content\/uploads\/2023\/05\/nati-melnychuk-oO0JAOJhquk-unsplash-scaled.jpg\" height=\"2560\" width=\"1918\"\/><\/a><\/div>\n\n<h3 class=\"wp-block-gutenverse-heading guten-element guten-NOP3cw\">Pulseras<\/h3>\n\n<div class=\"wp-block-gutenverse-divider guten-element guten-divider guten-Fesvd7\"><div class=\"guten-divider-wrapper\"><div class=\"guten-divider-default guten-divider-line guten-divider-regular\"><\/div><\/div><\/div>\n\n<div class=\"guten-element gutenverse-text-editor guten-Iuyjcw\"><div class=\"text-content-inner\"><p>Completa tu estilo con una <strong>pulsera<\/strong> de alta calidad de nuestra joyer\u00eda. Desde elegantes dise\u00f1os cl\u00e1sicos hasta modernas y vanguardistas, ofrecemos una amplia selecci\u00f3n de materiales y piedras preciosas para adaptarse a cualquier gusto y ocasi\u00f3n.<\/p><\/div><\/div><\/div><\/div><\/div>\n\n<div class=\"wp-block-gutenverse-column guten-element guten-column guten-jMg6Q9 animated guten-element-hide desktop-fadeInUp\"><div class=\"guten-background-overlay\"><\/div><div class=\"sticky-wrapper\" data-id=\"jMg6Q9\"><div class=\"guten-column-wrapper\"><div class=\"wp-block-gutenverse-image guten-element guten-image guten-eAenwy\"><a class=\"guten-image-wrapper\"><img loading=\"lazy\" decoding=\"async\" class=\"gutenverse-image-box-filled\" src=\"https:\/\/joyeriasmarvel.es\/wp-content\/uploads\/2023\/05\/hunters-race-SDgOlirIaY-unsplash-scaled.jpg\" height=\"1707\" width=\"2560\"\/><\/a><\/div>\n\n<h3 class=\"wp-block-gutenverse-heading guten-element guten-pOBzlJ\">Relojes<\/h3>\n\n<div class=\"wp-block-gutenverse-divider guten-element guten-divider guten-ARvO8Q\"><div class=\"guten-divider-wrapper\"><div class=\"guten-divider-default guten-divider-line guten-divider-regular\"><\/div><\/div><\/div>\n\n<div class=\"guten-element gutenverse-text-editor guten-2W88cb\"><div class=\"text-content-inner\"><p>Nuestra <strong>colecci\u00f3n de relojes <\/strong>es la mezcla perfecta de estilo y funcionalidad. Dise\u00f1os cl\u00e1sicos y modernos, una variedad de marcas y materiales de alta calidad para adaptarse a cualquier gusto y presupuesto.<\/p><\/div><\/div><\/div><\/div><\/div><\/div><\/section><\/div><\/div><\/div><\/div><\/div><\/section><\/div><div class=\"section-wrapper\" data-id=\"H4YfRL\"><section class=\"wp-block-gutenverse-section guten-element guten-section guten-H4YfRL layout-boxed align-stretch\"><div class=\"guten-background-overlay\"><\/div><div class=\"guten-shape-divider guten-shape-divider-top\"><\/div><div class=\"guten-shape-divider guten-shape-divider-bottom\"><\/div><div class=\"guten-container guten-column-gap-no\"><div class=\"wp-block-gutenverse-column guten-element guten-column guten-wvgTQ1\"><div class=\"guten-background-overlay\"><\/div><div class=\"sticky-wrapper\" data-id=\"wvgTQ1\"><div class=\"guten-column-wrapper\"><div class=\"section-wrapper\" data-id=\"RfFi9S\"><section class=\"wp-block-gutenverse-section guten-element guten-section guten-RfFi9S layout-boxed align-stretch\"><div class=\"guten-background-overlay\"><\/div><div class=\"guten-shape-divider guten-shape-divider-top\"><\/div><div class=\"guten-shape-divider guten-shape-divider-bottom\"><\/div><div class=\"guten-container guten-column-gap-no\"><div class=\"wp-block-gutenverse-column guten-element guten-column guten-L043P9\"><div class=\"guten-background-overlay\"><\/div><div class=\"sticky-wrapper\" data-id=\"L043P9\"><div class=\"guten-column-wrapper\"><h5 class=\"wp-block-gutenverse-heading guten-element guten-y97JPT animated guten-element-hide desktop-fadeInLeft\">productos exclusivos<\/h5>\n\n<h2 class=\"wp-block-gutenverse-heading guten-element guten-HWBQFv animated guten-element-hide desktop-fadeInLeft\">Premium<\/h2><\/div><\/div><\/div><\/div><\/section><\/div>\n\n<div class=\"section-wrapper\" data-id=\"zBWgQ6\"><section class=\"wp-block-gutenverse-section guten-element guten-section guten-zBWgQ6 layout-boxed align-stretch\"><div class=\"guten-background-overlay\"><\/div><div class=\"guten-shape-divider guten-shape-divider-top\"><\/div><div class=\"guten-shape-divider guten-shape-divider-bottom\"><\/div><div class=\"guten-container guten-column-gap-no\"><div class=\"wp-block-gutenverse-column guten-element guten-column guten-oRJzhV animated guten-element-hide desktop-fadeInUp\"><div class=\"guten-background-overlay\"><\/div><div class=\"sticky-wrapper\" data-id=\"oRJzhV\"><div class=\"guten-column-wrapper\"><div class=\"wp-block-gutenverse-image guten-element guten-image guten-X0AmKe\"><a class=\"guten-image-wrapper\"><img loading=\"lazy\" decoding=\"async\" class=\"gutenverse-image-box-filled\" src=\"https:\/\/joyeriasmarvel.es\/wp-content\/uploads\/2023\/05\/andie-gomez-acebo-sEq4onJnWrI-unsplash-scaled.jpg\" height=\"1707\" width=\"2560\"\/><\/a><\/div>\n\n<h3 class=\"wp-block-gutenverse-heading guten-element guten-ZEku2G\">Joyer\u00eda en Oro<\/h3>\n\n<div class=\"wp-block-gutenverse-divider guten-element guten-divider guten-nrY25p\"><div class=\"guten-divider-wrapper\"><div class=\"guten-divider-default guten-divider-line guten-divider-regular\"><\/div><\/div><\/div>\n\n<div class=\"guten-element gutenverse-text-editor guten-rJpk7X\"><div class=\"text-content-inner\"><p>Las<strong> joyas de oro<\/strong> son el cl\u00e1sico que nunca pasa de moda. Nuestra selecci\u00f3n de joyas de oro de alta calidad incluye anillos, pulseras, pendientes y collares, con dise\u00f1os elegantes y sofisticados que te acompa\u00f1ar\u00e1n en cualquier ocasi\u00f3n. Adem\u00e1s, el oro es un metal duradero y resistente que mantendr\u00e1 su brillo y calidad a lo largo de los a\u00f1os. \u00a1Explora nuestra colecci\u00f3n y encuentra la joya de oro perfecta para ti o para regalar a alguien especial!<\/p><\/div><\/div><\/div><\/div><\/div>\n\n<div class=\"wp-block-gutenverse-column guten-element guten-column guten-rTwNB4 animated guten-element-hide desktop-fadeInUp\"><div class=\"guten-background-overlay\"><\/div><div class=\"sticky-wrapper\" data-id=\"rTwNB4\"><div class=\"guten-column-wrapper\"><div class=\"wp-block-gutenverse-image guten-element guten-image guten-eK1sAY\"><a class=\"guten-image-wrapper\"><img loading=\"lazy\" decoding=\"async\" class=\"gutenverse-image-box-filled\" src=\"https:\/\/joyeriasmarvel.es\/wp-content\/uploads\/2023\/05\/sabrianna-ZWwC_6VfdAU-unsplash-scaled.jpg\" height=\"1707\" width=\"2560\"\/><\/a><\/div>\n\n<h3 class=\"wp-block-gutenverse-heading guten-element guten-1i3Dmp\">Joyer\u00eda con Diamantes<\/h3>\n\n<div class=\"wp-block-gutenverse-divider guten-element guten-divider guten-PkEZ1U\"><div class=\"guten-divider-wrapper\"><div class=\"guten-divider-default guten-divider-line guten-divider-regular\"><\/div><\/div><\/div>\n\n<div class=\"guten-element gutenverse-text-editor guten-8wVWDm\"><div class=\"text-content-inner\"><p>Las <strong>joyas con diamantes<\/strong> son la expresi\u00f3n suprema de elegancia y lujo. Nuestra colecci\u00f3n de joyas con diamantes incluye anillos, pendientes, collares y pulseras, elaborados con diamantes de alta calidad y dise\u00f1os impresionantes. Cada pieza es \u00fanica y atemporal, perfecta para cualquier ocasi\u00f3n especial. Adem\u00e1s, el brillo y la belleza de los diamantes son eternos, lo que convierte a nuestras joyas en una inversi\u00f3n duradera y valiosa<\/p><\/div><\/div><\/div><\/div><\/div><\/div><\/section><\/div><\/div><\/div><\/div><\/div><\/section><\/div>","protected":false},"excerpt":{"rendered":"","protected":false},"author":1,"featured_media":10,"parent":0,"menu_order":0,"comment_status":"closed","ping_status":"closed","template":"","meta":{"footnotes":""},"class_list":["post-24","page","type-page","status-publish","has-post-thumbnail","hentry"],"yoast_head":"<!-- This site is optimized with the Yoast SEO plugin v24.9 - https:\/\/yoast.com\/wordpress\/plugins\/seo\/ -->\n<title>Joyas y relojes - Joyer\u00eda Marvel<\/title>\n<meta name=\"description\" content=\"Descubre nuestra colecci\u00f3n y a\u00f1ade el toque de brillo que te mereces con nuestras joyas y relojes exclusivos.\" \/>\n<meta name=\"robots\" content=\"index, follow, max-snippet:-1, max-image-preview:large, max-video-preview:-1\" \/>\n<link rel=\"canonical\" href=\"https:\/\/joyeriasmarvel.es\/index.php\/productos\/\" \/>\n<meta property=\"og:locale\" content=\"es_ES\" \/>\n<meta property=\"og:type\" content=\"article\" \/>\n<meta property=\"og:title\" content=\"Joyas y relojes - Joyer\u00eda Marvel\" \/>\n<meta property=\"og:description\" content=\"Descubre nuestra colecci\u00f3n y a\u00f1ade el toque de brillo que te mereces con nuestras joyas y relojes exclusivos.\" \/>\n<meta property=\"og:url\" content=\"https:\/\/joyeriasmarvel.es\/index.php\/productos\/\" \/>\n<meta property=\"og:site_name\" content=\"Joyer\u00eda Marvel\" \/>\n<meta property=\"article:modified_time\" content=\"2023-05-15T12:36:46+00:00\" \/>\n<meta property=\"og:image\" content=\"https:\/\/joyeriasmarvel.es\/wp-content\/uploads\/2023\/05\/LOGO-MARVEL-01.png\" \/>\n\t<meta property=\"og:image:width\" content=\"894\" \/>\n\t<meta property=\"og:image:height\" content=\"673\" \/>\n\t<meta property=\"og:image:type\" content=\"image\/png\" \/>\n<meta name=\"twitter:card\" content=\"summary_large_image\" \/>\n<meta name=\"twitter:label1\" content=\"Tiempo de lectura\" \/>\n\t<meta name=\"twitter:data1\" content=\"4 minutos\" \/>\n<script type=\"application\/ld+json\" class=\"yoast-schema-graph\">{\"@context\":\"https:\/\/schema.org\",\"@graph\":[{\"@type\":\"WebPage\",\"@id\":\"https:\/\/joyeriasmarvel.es\/index.php\/productos\/\",\"url\":\"https:\/\/joyeriasmarvel.es\/index.php\/productos\/\",\"name\":\"Joyas y relojes - Joyer\u00eda Marvel\",\"isPartOf\":{\"@id\":\"https:\/\/joyeriasmarvel.es\/#website\"},\"primaryImageOfPage\":{\"@id\":\"https:\/\/joyeriasmarvel.es\/index.php\/productos\/#primaryimage\"},\"image\":{\"@id\":\"https:\/\/joyeriasmarvel.es\/index.php\/productos\/#primaryimage\"},\"thumbnailUrl\":\"https:\/\/joyeriasmarvel.es\/wp-content\/uploads\/2023\/05\/LOGO-MARVEL-01.png\",\"datePublished\":\"2023-05-11T20:43:13+00:00\",\"dateModified\":\"2023-05-15T12:36:46+00:00\",\"description\":\"Descubre nuestra colecci\u00f3n y a\u00f1ade el toque de brillo que te mereces con nuestras joyas y relojes exclusivos.\",\"breadcrumb\":{\"@id\":\"https:\/\/joyeriasmarvel.es\/index.php\/productos\/#breadcrumb\"},\"inLanguage\":\"es\",\"potentialAction\":[{\"@type\":\"ReadAction\",\"target\":[\"https:\/\/joyeriasmarvel.es\/index.php\/productos\/\"]}]},{\"@type\":\"ImageObject\",\"inLanguage\":\"es\",\"@id\":\"https:\/\/joyeriasmarvel.es\/index.php\/productos\/#primaryimage\",\"url\":\"https:\/\/joyeriasmarvel.es\/wp-content\/uploads\/2023\/05\/LOGO-MARVEL-01.png\",\"contentUrl\":\"https:\/\/joyeriasmarvel.es\/wp-content\/uploads\/2023\/05\/LOGO-MARVEL-01.png\",\"width\":894,\"height\":673},{\"@type\":\"BreadcrumbList\",\"@id\":\"https:\/\/joyeriasmarvel.es\/index.php\/productos\/#breadcrumb\",\"itemListElement\":[{\"@type\":\"ListItem\",\"position\":1,\"name\":\"Portada\",\"item\":\"https:\/\/joyeriasmarvel.es\/\"},{\"@type\":\"ListItem\",\"position\":2,\"name\":\"Productos\"}]},{\"@type\":\"WebSite\",\"@id\":\"https:\/\/joyeriasmarvel.es\/#website\",\"url\":\"https:\/\/joyeriasmarvel.es\/\",\"name\":\"Joyer\u00eda Marvel\",\"description\":\"Joyer\u00eda de confianza\",\"publisher\":{\"@id\":\"https:\/\/joyeriasmarvel.es\/#organization\"},\"potentialAction\":[{\"@type\":\"SearchAction\",\"target\":{\"@type\":\"EntryPoint\",\"urlTemplate\":\"https:\/\/joyeriasmarvel.es\/?s={search_term_string}\"},\"query-input\":{\"@type\":\"PropertyValueSpecification\",\"valueRequired\":true,\"valueName\":\"search_term_string\"}}],\"inLanguage\":\"es\"},{\"@type\":\"Organization\",\"@id\":\"https:\/\/joyeriasmarvel.es\/#organization\",\"name\":\"Joyer\u00eda Marvel\",\"url\":\"https:\/\/joyeriasmarvel.es\/\",\"logo\":{\"@type\":\"ImageObject\",\"inLanguage\":\"es\",\"@id\":\"https:\/\/joyeriasmarvel.es\/#\/schema\/logo\/image\/\",\"url\":\"https:\/\/joyeriasmarvel.es\/wp-content\/uploads\/2023\/05\/LOGO-MARVEL-02.png\",\"contentUrl\":\"https:\/\/joyeriasmarvel.es\/wp-content\/uploads\/2023\/05\/LOGO-MARVEL-02.png\",\"width\":1310,\"height\":377,\"caption\":\"Joyer\u00eda Marvel\"},\"image\":{\"@id\":\"https:\/\/joyeriasmarvel.es\/#\/schema\/logo\/image\/\"}}]}<\/script>\n<!-- \/ Yoast SEO plugin. -->","yoast_head_json":{"title":"Joyas y relojes - Joyer\u00eda Marvel","description":"Descubre nuestra colecci\u00f3n y a\u00f1ade el toque de brillo que te mereces con nuestras joyas y relojes exclusivos.","robots":{"index":"index","follow":"follow","max-snippet":"max-snippet:-1","max-image-preview":"max-image-preview:large","max-video-preview":"max-video-preview:-1"},"canonical":"https:\/\/joyeriasmarvel.es\/index.php\/productos\/","og_locale":"es_ES","og_type":"article","og_title":"Joyas y relojes - Joyer\u00eda Marvel","og_description":"Descubre nuestra colecci\u00f3n y a\u00f1ade el toque de brillo que te mereces con nuestras joyas y relojes exclusivos.","og_url":"https:\/\/joyeriasmarvel.es\/index.php\/productos\/","og_site_name":"Joyer\u00eda Marvel","article_modified_time":"2023-05-15T12:36:46+00:00","og_image":[{"width":894,"height":673,"url":"https:\/\/joyeriasmarvel.es\/wp-content\/uploads\/2023\/05\/LOGO-MARVEL-01.png","type":"image\/png"}],"twitter_card":"summary_large_image","twitter_misc":{"Tiempo de lectura":"4 minutos"},"schema":{"@context":"https:\/\/schema.org","@graph":[{"@type":"WebPage","@id":"https:\/\/joyeriasmarvel.es\/index.php\/productos\/","url":"https:\/\/joyeriasmarvel.es\/index.php\/productos\/","name":"Joyas y relojes - Joyer\u00eda Marvel","isPartOf":{"@id":"https:\/\/joyeriasmarvel.es\/#website"},"primaryImageOfPage":{"@id":"https:\/\/joyeriasmarvel.es\/index.php\/productos\/#primaryimage"},"image":{"@id":"https:\/\/joyeriasmarvel.es\/index.php\/productos\/#primaryimage"},"thumbnailUrl":"https:\/\/joyeriasmarvel.es\/wp-content\/uploads\/2023\/05\/LOGO-MARVEL-01.png","datePublished":"2023-05-11T20:43:13+00:00","dateModified":"2023-05-15T12:36:46+00:00","description":"Descubre nuestra colecci\u00f3n y a\u00f1ade el toque de brillo que te mereces con nuestras joyas y relojes exclusivos.","breadcrumb":{"@id":"https:\/\/joyeriasmarvel.es\/index.php\/productos\/#breadcrumb"},"inLanguage":"es","potentialAction":[{"@type":"ReadAction","target":["https:\/\/joyeriasmarvel.es\/index.php\/productos\/"]}]},{"@type":"ImageObject","inLanguage":"es","@id":"https:\/\/joyeriasmarvel.es\/index.php\/productos\/#primaryimage","url":"https:\/\/joyeriasmarvel.es\/wp-content\/uploads\/2023\/05\/LOGO-MARVEL-01.png","contentUrl":"https:\/\/joyeriasmarvel.es\/wp-content\/uploads\/2023\/05\/LOGO-MARVEL-01.png","width":894,"height":673},{"@type":"BreadcrumbList","@id":"https:\/\/joyeriasmarvel.es\/index.php\/productos\/#breadcrumb","itemListElement":[{"@type":"ListItem","position":1,"name":"Portada","item":"https:\/\/joyeriasmarvel.es\/"},{"@type":"ListItem","position":2,"name":"Productos"}]},{"@type":"WebSite","@id":"https:\/\/joyeriasmarvel.es\/#website","url":"https:\/\/joyeriasmarvel.es\/","name":"Joyer\u00eda Marvel","description":"Joyer\u00eda de confianza","publisher":{"@id":"https:\/\/joyeriasmarvel.es\/#organization"},"potentialAction":[{"@type":"SearchAction","target":{"@type":"EntryPoint","urlTemplate":"https:\/\/joyeriasmarvel.es\/?s={search_term_string}"},"query-input":{"@type":"PropertyValueSpecification","valueRequired":true,"valueName":"search_term_string"}}],"inLanguage":"es"},{"@type":"Organization","@id":"https:\/\/joyeriasmarvel.es\/#organization","name":"Joyer\u00eda Marvel","url":"https:\/\/joyeriasmarvel.es\/","logo":{"@type":"ImageObject","inLanguage":"es","@id":"https:\/\/joyeriasmarvel.es\/#\/schema\/logo\/image\/","url":"https:\/\/joyeriasmarvel.es\/wp-content\/uploads\/2023\/05\/LOGO-MARVEL-02.png","contentUrl":"https:\/\/joyeriasmarvel.es\/wp-content\/uploads\/2023\/05\/LOGO-MARVEL-02.png","width":1310,"height":377,"caption":"Joyer\u00eda Marvel"},"image":{"@id":"https:\/\/joyeriasmarvel.es\/#\/schema\/logo\/image\/"}}]}},"_links":{"self":[{"href":"https:\/\/joyeriasmarvel.es\/index.php\/wp-json\/wp\/v2\/pages\/24","targetHints":{"allow":["GET"]}}],"collection":[{"href":"https:\/\/joyeriasmarvel.es\/index.php\/wp-json\/wp\/v2\/pages"}],"about":[{"href":"https:\/\/joyeriasmarvel.es\/index.php\/wp-json\/wp\/v2\/types\/page"}],"author":[{"embeddable":true,"href":"https:\/\/joyeriasmarvel.es\/index.php\/wp-json\/wp\/v2\/users\/1"}],"replies":[{"embeddable":true,"href":"https:\/\/joyeriasmarvel.es\/index.php\/wp-json\/wp\/v2\/comments?post=24"}],"version-history":[{"count":14,"href":"https:\/\/joyeriasmarvel.es\/index.php\/wp-json\/wp\/v2\/pages\/24\/revisions"}],"predecessor-version":[{"id":579,"href":"https:\/\/joyeriasmarvel.es\/index.php\/wp-json\/wp\/v2\/pages\/24\/revisions\/579"}],"wp:featuredmedia":[{"embeddable":true,"href":"https:\/\/joyeriasmarvel.es\/index.php\/wp-json\/wp\/v2\/media\/10"}],"wp:attachment":[{"href":"https:\/\/joyeriasmarvel.es\/index.php\/wp-json\/wp\/v2\/media?parent=24"}],"curies":[{"name":"wp","href":"https:\/\/api.w.org\/{rel}","templated":true}]}}