{"id":479,"date":"2023-05-11T21:57:43","date_gmt":"2023-05-11T21:57:43","guid":{"rendered":"https:\/\/joyeriasmarvel.es\/?page_id=479"},"modified":"2023-05-16T16:01:20","modified_gmt":"2023-05-16T16:01:20","slug":"contacto","status":"publish","type":"page","link":"https:\/\/joyeriasmarvel.es\/index.php\/contacto\/","title":{"rendered":"Contacto"},"content":{"rendered":"<div class=\"section-wrapper\" data-id=\"ClCmkW\"><section class=\"wp-block-gutenverse-section guten-element guten-section guten-ClCmkW layout-boxed align-stretch\"><div class=\"guten-background-overlay\"><\/div><div class=\"guten-shape-divider guten-shape-divider-top\"><\/div><div class=\"guten-shape-divider guten-shape-divider-bottom\"><\/div><div class=\"guten-container guten-column-gap-no\"><div class=\"wp-block-gutenverse-column guten-element guten-column guten-nLuSof\"><div class=\"guten-background-overlay\"><\/div><div class=\"sticky-wrapper\" data-id=\"nLuSof\"><div class=\"guten-column-wrapper\"><h5 class=\"wp-block-gutenverse-heading guten-element guten-SjQqTZ animated guten-element-hide desktop-fadeInLeft\">contacta con nosotros<\/h5>\n\n<h2 class=\"wp-block-gutenverse-heading guten-element guten-7gNhi7 animated guten-element-hide desktop-fadeInLeft\">Nuestro contacto<\/h2>\n\n<div class=\"guten-element gutenverse-text-editor guten-2t2CRP animated guten-element-hide desktop-fadeInLeft\"><div class=\"text-content-inner\"><p>\u00a1Nos encantar\u00eda saber de usted! Si tiene alguna pregunta o necesita ayuda para elegir la joya perfecta, no dude en ponerse en contacto con nosotros en <strong>Joyer\u00eda Marvel.<\/strong><\/p>\n\n<p><\/p><\/div><\/div>\n\n<div class=\"section-wrapper\" data-id=\"THWG1X\"><section class=\"wp-block-gutenverse-section guten-element guten-section guten-THWG1X animated guten-element-hide desktop-fadeInLeft layout-boxed align-stretch\"><div class=\"guten-background-overlay\"><\/div><div class=\"guten-shape-divider guten-shape-divider-top\"><\/div><div class=\"guten-shape-divider guten-shape-divider-bottom\"><\/div><div class=\"guten-container guten-column-gap-no\"><div class=\"wp-block-gutenverse-column guten-element guten-column guten-Cl47t1\"><div class=\"guten-background-overlay\"><\/div><div class=\"sticky-wrapper\" data-id=\"Cl47t1\"><div class=\"guten-column-wrapper\"><div class=\"guten-element guten-KE0oSg guten-icon-box icon-position-left\"><div class=\"guten-icon-box-wrapper hover-from-left\"><div class=\"icon-box icon-box-header\"><div class=\"icon style-color\"><i class=\"gtn gtn-cityscape-light\"><\/i><\/div><\/div><div class=\"icon-box icon-box-body\"><h3 class=\"title\">Direcci\u00f3n<\/h3><p class=\"icon-box-description\">Av. Las Am\u00e9ricas, C.C. Parque Santiago III, Local n\u00ba37. Playa de las Am\u00e9ricas, 38650 Arona. Tenerife<\/p><\/div><\/div><\/div><\/div><\/div><\/div><\/div><\/section><\/div>\n\n<div class=\"guten-element gutenverse-maps guten-9NxnX6 animated guten-element-hide desktop-fadeInLeft\"><iframe frameborder=\"0\" scrolling=\"no\" marginheight=\"0\" marginwidth=\"0\" src=\"https:\/\/maps.google.com\/maps?q=Av.%20Las%20Am%C3%A9ricas%2C%20C.C.%20Parque%20Santiago%20III%2C%20Local%20n%C2%BA37.%20Playa%20de%20las%20Am%C3%A9ricas%2C%2038650%20Arona.%20Tenerife&amp;z=17&amp;t=m&amp;output=embed&amp;iwloc=near\" title=\"Av. Las Am\u00e9ricas, C.C. Parque Santiago III, Local n\u00ba37. Playa de las Am\u00e9ricas, 38650 Arona. Tenerife\"><\/iframe><\/div><\/div><\/div><\/div>\n\n<div class=\"wp-block-gutenverse-column guten-element guten-column guten-S5Bv0G animated guten-element-hide desktop-fadeInRight\"><div class=\"guten-background-overlay\"><\/div><div class=\"sticky-wrapper\" data-id=\"S5Bv0G\"><div class=\"guten-column-wrapper\"><h2 class=\"wp-block-gutenverse-heading guten-element guten-xLQcqQ\">Formulario de contacto<\/h2>\n\n<form style=\"display:none\" class=\"guten-element guten-form-builder guten-eYTuM9\" data-hide-after=\"false\"><div class=\"section-wrapper\" data-id=\"qvvolu\"><section class=\"wp-block-gutenverse-section guten-element guten-section guten-qvvolu layout-boxed align-stretch\"><div class=\"guten-background-overlay\"><\/div><div class=\"guten-shape-divider guten-shape-divider-top\"><\/div><div class=\"guten-shape-divider guten-shape-divider-bottom\"><\/div><div class=\"guten-container guten-column-gap-no\"><div class=\"wp-block-gutenverse-column guten-element guten-column guten-IEyoBX\"><div class=\"guten-background-overlay\"><\/div><div class=\"sticky-wrapper\" data-id=\"IEyoBX\"><div class=\"guten-column-wrapper\"><div class=\"guten-element guten-form-input-text guten-form-input guten-input-position-top guten-oL8Hgj hide-helper\"><div class=\"label-wrapper\"><label class=\"input-label\">nombre<\/label><span class=\"required-badge\">*<\/span><\/div><div class=\"main-wrapper\"><input data-validation=\"{&quot;type&quot;:&quot;text&quot;,&quot;required&quot;:true,&quot;validationType&quot;:&quot;none&quot;,&quot;validationWarning&quot;:&quot;Input Invalid&quot;}\" placeholder=\"Nombre\" name=\"input-text-name\" class=\"gutenverse-input gutenverse-input-text\" type=\"text\"\/><div class=\"validation-error\">Input Invalid<\/div><\/div><\/div><\/div><\/div><\/div>\n\n<div class=\"wp-block-gutenverse-column guten-element guten-column guten-HpSeEG\"><div class=\"guten-background-overlay\"><\/div><div class=\"sticky-wrapper\" data-id=\"HpSeEG\"><div class=\"guten-column-wrapper\"><div class=\"guten-element guten-form-input-email guten-form-input guten-input-position-top guten-cwVuRg hide-helper\"><div class=\"label-wrapper\"><label class=\"input-label\">email<\/label><span class=\"required-badge\">*<\/span><\/div><div class=\"main-wrapper\"><input data-validation=\"{&quot;type&quot;:&quot;email&quot;,&quot;required&quot;:true,&quot;validationType&quot;:&quot;none&quot;,&quot;validationWarning&quot;:&quot;Input Invalid&quot;}\" placeholder=\"Email\" name=\"input-email\" class=\"gutenverse-input gutenverse-input-email\" type=\"email\"\/><div class=\"validation-error\">Input Invalid<\/div><\/div><\/div><\/div><\/div><\/div><\/div><\/section><\/div>\n\n<div class=\"guten-element guten-form-input-text guten-form-input guten-input-position-top guten-jaCw7N hide-helper\"><div class=\"label-wrapper\"><label class=\"input-label\">asunto<\/label><span class=\"required-badge\">*<\/span><\/div><div class=\"main-wrapper\"><input data-validation=\"{&quot;type&quot;:&quot;text&quot;,&quot;required&quot;:true,&quot;validationType&quot;:&quot;none&quot;,&quot;validationWarning&quot;:&quot;Input Invalid&quot;}\" placeholder=\"Asunto\" name=\"input-text-name\" class=\"gutenverse-input gutenverse-input-text\" type=\"text\"\/><div class=\"validation-error\">Input Invalid<\/div><\/div><\/div>\n\n<div class=\"guten-element guten-form-input-textarea guten-form-input guten-input-position-top guten-QQDDhH hide-helper\"><div class=\"label-wrapper\"><label class=\"input-label\">mensaje<\/label><span class=\"required-badge\">*<\/span><\/div><div class=\"main-wrapper\"><textarea data-validation=\"{&quot;type&quot;:&quot;textarea&quot;,&quot;required&quot;:true,&quot;validationType&quot;:&quot;none&quot;,&quot;validationWarning&quot;:&quot;Input Invalid&quot;}\" placeholder=\"Escriba un mensaje...\" name=\"input-textarea\" class=\"gutenverse-input gutenverse-input-text\"><\/textarea><div class=\"validation-error\">Input Invalid<\/div><\/div><\/div>\n\n<div class=\"guten-element guten-form-input-checkbox guten-form-input guten-input-position-top guten-Y3GLu0 hide-helper\"><div class=\"label-wrapper\"><label class=\"input-label\">pol\u00edtica de privacidad<\/label><\/div><div class=\"main-wrapper\"><div class=\"gutenverse-inner-input default\"><div hidden name=\"input-checkbox\" class=\"gutenverse-input\" data-validation=\"{&quot;type&quot;:&quot;checkbox&quot;,&quot;required&quot;:false,&quot;validationWarning&quot;:&quot;Input Invalid&quot;}\"><\/div><label><input name=\"input-checkbox\" value=\"accept-1\" class=\"gutenverse-input-checkbox\" type=\"checkbox\"\/><span class=\"check\">Aceptar<\/span><\/label><\/div><div class=\"validation-error\">Input Invalid<\/div><\/div><\/div>\n\n<div class=\"guten-element guten-button-wrapper guten-submit-wrapper guten-YQPIEh\"><div class=\"form-notification\"><\/div><button class=\"guten-button gutenverse-input-submit guten-button-sm\" type=\"submit\"><span>ENVIAR<\/span><\/button><div class=\"gutenverse-input-submit-loader\"><i class=\"fas fa-spinner fa-spin\"><\/i><\/div><\/div><\/form><\/div><\/div><\/div><\/div><\/section><\/div><div class=\"section-wrapper\" data-id=\"HgFuDy\"><section class=\"wp-block-gutenverse-section guten-element guten-section guten-HgFuDy layout-boxed align-stretch\"><div class=\"guten-background-overlay\"><\/div><div class=\"guten-shape-divider guten-shape-divider-top\"><\/div><div class=\"guten-shape-divider guten-shape-divider-bottom\"><\/div><div class=\"guten-container guten-column-gap-default\"><div class=\"wp-block-gutenverse-column guten-element guten-column guten-g1zOos\"><div class=\"guten-background-overlay\"><\/div><div class=\"sticky-wrapper\" data-id=\"g1zOos\"><div class=\"guten-column-wrapper\"><h5 class=\"wp-block-gutenverse-heading guten-element guten-tuCbBe animated guten-element-hide desktop-fadeInLeft\">env\u00edanos un mensaje<\/h5>\n\n<h2 class=\"wp-block-gutenverse-heading guten-element guten-sfa3e7 animated guten-element-hide desktop-fadeInLeft\">Estamos para ayudarte<\/h2>\n\n<div class=\"guten-element gutenverse-text-editor guten-e0uv61 animated guten-element-hide desktop-fadeInLeft\"><div class=\"text-content-inner\"><p>En nuestra<strong> joyer\u00eda en el sur de Tenerife<\/strong>, ofrecemos una amplia variedad de joyas exclusivas y de alta calidad, y nuestro equipo de expertos en joyer\u00eda est\u00e1 aqu\u00ed para ayudarlo en todo lo que necesite. Puede contactarnos a trav\u00e9s de nuestro sitio web, llamando a nuestra tienda o visit\u00e1ndonos en persona.<\/p>\n\n<p><\/p>\n\n<p>Si necesita ayuda para elegir <strong>la joya perfecta<\/strong>, nuestro equipo de expertos en joyer\u00eda estar\u00e1 encantado de guiarlo y responder a todas sus preguntas. Nuestros<strong> expertos en joyer\u00eda<\/strong> est\u00e1n altamente capacitados y tienen a\u00f1os de experiencia en la industria de la joyer\u00eda, lo que significa que pueden brindarle asesoramiento personalizado y orientaci\u00f3n en su elecci\u00f3n de joyas.<\/p>\n\n<p><\/p>\n\n<p>Si tiene alguna pregunta sobre nuestros productos o servicios, o necesita ayuda con una compra en l\u00ednea, nuestro equipo de atenci\u00f3n al cliente est\u00e1 disponible para ayudarlo en todo momento. Puede comunicarse con nosotros a trav\u00e9s de nuestro formulario de contacto en l\u00ednea o llamando a nuestra tienda directamente. <\/p>\n\n<p><\/p>\n\n<p>Estamos comprometidos en brindar una experiencia excepcional de compra de joyas, y nos aseguraremos de que todas sus necesidades sean atendidas.<\/p>\n\n<p><\/p>\n\n<p>En nuestra joyer\u00eda, queremos que se sienta seguro y satisfecho con su compra de joyas. Por eso, ofrecemos una garant\u00eda de devoluci\u00f3n de dinero en caso de que no est\u00e9 completamente satisfecho con su compra.<\/p>\n\n<p>No dude en contactarnos para obtener m\u00e1s informaci\u00f3n sobre nuestras<strong> joyas exclusivas, servicios y garant\u00edas<\/strong>. Estamos aqu\u00ed para ayudarlo a encontrar la joya perfecta y asegurarnos de que tenga la mejor experiencia de compra de joyas posible.<\/p><\/div><\/div>\n\n<div class=\"guten-element guten-button-wrapper guten-5QIzHE\"><a class=\"guten-button animated guten-element-hide desktop-fadeInLeft guten-button-sm\" href=\"#\"><span>enviar mensaje<\/span><\/a><\/div><\/div><\/div><\/div>\n\n<div class=\"wp-block-gutenverse-column guten-element guten-column guten-pgCJoL animated guten-element-hide desktop-fadeInRight\"><div class=\"guten-background-overlay\"><\/div><div class=\"sticky-wrapper\" data-id=\"pgCJoL\"><div class=\"guten-column-wrapper\"><div class=\"guten-element guten-spacer guten-VdMtOJ\"><\/div><\/div><\/div><\/div><\/div><\/section><\/div>","protected":false},"excerpt":{"rendered":"","protected":false},"author":1,"featured_media":0,"parent":0,"menu_order":0,"comment_status":"closed","ping_status":"closed","template":"","meta":{"footnotes":""},"class_list":["post-479","page","type-page","status-publish","hentry"],"yoast_head":"<!-- This site is optimized with the Yoast SEO plugin v24.9 - https:\/\/yoast.com\/wordpress\/plugins\/seo\/ -->\n<title>Contacto - Joyer\u00eda Marvel<\/title>\n<meta name=\"description\" content=\"Ponte en contacto con nosotros a trav\u00e9s de nuestra p\u00e1gina web. Encuentra nuestra direcci\u00f3n y ven a visitarnos en Tenerife.\" \/>\n<meta name=\"robots\" content=\"index, follow, max-snippet:-1, max-image-preview:large, max-video-preview:-1\" \/>\n<link rel=\"canonical\" href=\"https:\/\/joyeriasmarvel.es\/index.php\/contacto\/\" \/>\n<meta property=\"og:locale\" content=\"es_ES\" \/>\n<meta property=\"og:type\" content=\"article\" \/>\n<meta property=\"og:title\" content=\"Contacto - Joyer\u00eda Marvel\" \/>\n<meta property=\"og:description\" content=\"Ponte en contacto con nosotros a trav\u00e9s de nuestra p\u00e1gina web. Encuentra nuestra direcci\u00f3n y ven a visitarnos en Tenerife.\" \/>\n<meta property=\"og:url\" content=\"https:\/\/joyeriasmarvel.es\/index.php\/contacto\/\" \/>\n<meta property=\"og:site_name\" content=\"Joyer\u00eda Marvel\" \/>\n<meta property=\"article:modified_time\" content=\"2023-05-16T16:01:20+00:00\" \/>\n<meta name=\"twitter:card\" content=\"summary_large_image\" \/>\n<meta name=\"twitter:label1\" content=\"Tiempo de lectura\" \/>\n\t<meta name=\"twitter:data1\" content=\"2 minutos\" \/>\n<script type=\"application\/ld+json\" class=\"yoast-schema-graph\">{\"@context\":\"https:\/\/schema.org\",\"@graph\":[{\"@type\":\"WebPage\",\"@id\":\"https:\/\/joyeriasmarvel.es\/index.php\/contacto\/\",\"url\":\"https:\/\/joyeriasmarvel.es\/index.php\/contacto\/\",\"name\":\"Contacto - Joyer\u00eda Marvel\",\"isPartOf\":{\"@id\":\"https:\/\/joyeriasmarvel.es\/#website\"},\"datePublished\":\"2023-05-11T21:57:43+00:00\",\"dateModified\":\"2023-05-16T16:01:20+00:00\",\"description\":\"Ponte en contacto con nosotros a trav\u00e9s de nuestra p\u00e1gina web. Encuentra nuestra direcci\u00f3n y ven a visitarnos en Tenerife.\",\"breadcrumb\":{\"@id\":\"https:\/\/joyeriasmarvel.es\/index.php\/contacto\/#breadcrumb\"},\"inLanguage\":\"es\",\"potentialAction\":[{\"@type\":\"ReadAction\",\"target\":[\"https:\/\/joyeriasmarvel.es\/index.php\/contacto\/\"]}]},{\"@type\":\"BreadcrumbList\",\"@id\":\"https:\/\/joyeriasmarvel.es\/index.php\/contacto\/#breadcrumb\",\"itemListElement\":[{\"@type\":\"ListItem\",\"position\":1,\"name\":\"Portada\",\"item\":\"https:\/\/joyeriasmarvel.es\/\"},{\"@type\":\"ListItem\",\"position\":2,\"name\":\"Contacto\"}]},{\"@type\":\"WebSite\",\"@id\":\"https:\/\/joyeriasmarvel.es\/#website\",\"url\":\"https:\/\/joyeriasmarvel.es\/\",\"name\":\"Joyer\u00eda Marvel\",\"description\":\"Joyer\u00eda de confianza\",\"publisher\":{\"@id\":\"https:\/\/joyeriasmarvel.es\/#organization\"},\"potentialAction\":[{\"@type\":\"SearchAction\",\"target\":{\"@type\":\"EntryPoint\",\"urlTemplate\":\"https:\/\/joyeriasmarvel.es\/?s={search_term_string}\"},\"query-input\":{\"@type\":\"PropertyValueSpecification\",\"valueRequired\":true,\"valueName\":\"search_term_string\"}}],\"inLanguage\":\"es\"},{\"@type\":\"Organization\",\"@id\":\"https:\/\/joyeriasmarvel.es\/#organization\",\"name\":\"Joyer\u00eda Marvel\",\"url\":\"https:\/\/joyeriasmarvel.es\/\",\"logo\":{\"@type\":\"ImageObject\",\"inLanguage\":\"es\",\"@id\":\"https:\/\/joyeriasmarvel.es\/#\/schema\/logo\/image\/\",\"url\":\"https:\/\/joyeriasmarvel.es\/wp-content\/uploads\/2023\/05\/LOGO-MARVEL-02.png\",\"contentUrl\":\"https:\/\/joyeriasmarvel.es\/wp-content\/uploads\/2023\/05\/LOGO-MARVEL-02.png\",\"width\":1310,\"height\":377,\"caption\":\"Joyer\u00eda Marvel\"},\"image\":{\"@id\":\"https:\/\/joyeriasmarvel.es\/#\/schema\/logo\/image\/\"}}]}<\/script>\n<!-- \/ Yoast SEO plugin. -->","yoast_head_json":{"title":"Contacto - Joyer\u00eda Marvel","description":"Ponte en contacto con nosotros a trav\u00e9s de nuestra p\u00e1gina web. Encuentra nuestra direcci\u00f3n y ven a visitarnos en Tenerife.","robots":{"index":"index","follow":"follow","max-snippet":"max-snippet:-1","max-image-preview":"max-image-preview:large","max-video-preview":"max-video-preview:-1"},"canonical":"https:\/\/joyeriasmarvel.es\/index.php\/contacto\/","og_locale":"es_ES","og_type":"article","og_title":"Contacto - Joyer\u00eda Marvel","og_description":"Ponte en contacto con nosotros a trav\u00e9s de nuestra p\u00e1gina web. Encuentra nuestra direcci\u00f3n y ven a visitarnos en Tenerife.","og_url":"https:\/\/joyeriasmarvel.es\/index.php\/contacto\/","og_site_name":"Joyer\u00eda Marvel","article_modified_time":"2023-05-16T16:01:20+00:00","twitter_card":"summary_large_image","twitter_misc":{"Tiempo de lectura":"2 minutos"},"schema":{"@context":"https:\/\/schema.org","@graph":[{"@type":"WebPage","@id":"https:\/\/joyeriasmarvel.es\/index.php\/contacto\/","url":"https:\/\/joyeriasmarvel.es\/index.php\/contacto\/","name":"Contacto - Joyer\u00eda Marvel","isPartOf":{"@id":"https:\/\/joyeriasmarvel.es\/#website"},"datePublished":"2023-05-11T21:57:43+00:00","dateModified":"2023-05-16T16:01:20+00:00","description":"Ponte en contacto con nosotros a trav\u00e9s de nuestra p\u00e1gina web. Encuentra nuestra direcci\u00f3n y ven a visitarnos en Tenerife.","breadcrumb":{"@id":"https:\/\/joyeriasmarvel.es\/index.php\/contacto\/#breadcrumb"},"inLanguage":"es","potentialAction":[{"@type":"ReadAction","target":["https:\/\/joyeriasmarvel.es\/index.php\/contacto\/"]}]},{"@type":"BreadcrumbList","@id":"https:\/\/joyeriasmarvel.es\/index.php\/contacto\/#breadcrumb","itemListElement":[{"@type":"ListItem","position":1,"name":"Portada","item":"https:\/\/joyeriasmarvel.es\/"},{"@type":"ListItem","position":2,"name":"Contacto"}]},{"@type":"WebSite","@id":"https:\/\/joyeriasmarvel.es\/#website","url":"https:\/\/joyeriasmarvel.es\/","name":"Joyer\u00eda Marvel","description":"Joyer\u00eda de confianza","publisher":{"@id":"https:\/\/joyeriasmarvel.es\/#organization"},"potentialAction":[{"@type":"SearchAction","target":{"@type":"EntryPoint","urlTemplate":"https:\/\/joyeriasmarvel.es\/?s={search_term_string}"},"query-input":{"@type":"PropertyValueSpecification","valueRequired":true,"valueName":"search_term_string"}}],"inLanguage":"es"},{"@type":"Organization","@id":"https:\/\/joyeriasmarvel.es\/#organization","name":"Joyer\u00eda Marvel","url":"https:\/\/joyeriasmarvel.es\/","logo":{"@type":"ImageObject","inLanguage":"es","@id":"https:\/\/joyeriasmarvel.es\/#\/schema\/logo\/image\/","url":"https:\/\/joyeriasmarvel.es\/wp-content\/uploads\/2023\/05\/LOGO-MARVEL-02.png","contentUrl":"https:\/\/joyeriasmarvel.es\/wp-content\/uploads\/2023\/05\/LOGO-MARVEL-02.png","width":1310,"height":377,"caption":"Joyer\u00eda Marvel"},"image":{"@id":"https:\/\/joyeriasmarvel.es\/#\/schema\/logo\/image\/"}}]}},"_links":{"self":[{"href":"https:\/\/joyeriasmarvel.es\/index.php\/wp-json\/wp\/v2\/pages\/479","targetHints":{"allow":["GET"]}}],"collection":[{"href":"https:\/\/joyeriasmarvel.es\/index.php\/wp-json\/wp\/v2\/pages"}],"about":[{"href":"https:\/\/joyeriasmarvel.es\/index.php\/wp-json\/wp\/v2\/types\/page"}],"author":[{"embeddable":true,"href":"https:\/\/joyeriasmarvel.es\/index.php\/wp-json\/wp\/v2\/users\/1"}],"replies":[{"embeddable":true,"href":"https:\/\/joyeriasmarvel.es\/index.php\/wp-json\/wp\/v2\/comments?post=479"}],"version-history":[{"count":10,"href":"https:\/\/joyeriasmarvel.es\/index.php\/wp-json\/wp\/v2\/pages\/479\/revisions"}],"predecessor-version":[{"id":587,"href":"https:\/\/joyeriasmarvel.es\/index.php\/wp-json\/wp\/v2\/pages\/479\/revisions\/587"}],"wp:attachment":[{"href":"https:\/\/joyeriasmarvel.es\/index.php\/wp-json\/wp\/v2\/media?parent=479"}],"curies":[{"name":"wp","href":"https:\/\/api.w.org\/{rel}","templated":true}]}}